{"id":1753,"date":"2015-12-09T17:44:46","date_gmt":"2015-12-09T16:44:46","guid":{"rendered":"http:\/\/www.cairo2cape.com\/en\/produkt\/abschnitt-59\/"},"modified":"2015-12-09T17:44:46","modified_gmt":"2015-12-09T16:44:46","slug":"abschnitt-59","status":"publish","type":"product","link":"https:\/\/www.cairo2cape.com\/en\/produkt\/abschnitt-59\/","title":{"rendered":"Abschnitt 059 &#8211; 100km &#8211; Tanzania"},"content":{"rendered":"","protected":false},"excerpt":{"rendered":"<p>Unterst\u00fctzen Sie das &#8220;Charity-World-Record-Projekt&#8221; mit dem Kauf IHRER pers\u00f6nlichen Teilstrecke. Wenn Michael Strasser ihren Abschnitt mit dem Rad durchf\u00e4hrt, erhalten Sie eine Verst\u00e4ndigung per SMS (oder Email) von uns.<\/p>\n<p><a href=\"https:\/\/strassermichael.at\/cairo2cape_files\/route-overview.html\" target=\"_blank\">Alle Abschnitte im \u00dcberblick: Route<\/a><\/p>\n","protected":false},"featured_media":0,"comment_status":"closed","ping_status":"closed","template":"","meta":{"spay_email":""},"product_cat":[266],"product_tag":[],"acf":[],"_links":{"self":[{"href":"https:\/\/www.cairo2cape.com\/en\/wp-json\/wp\/v2\/product\/1753"}],"collection":[{"href":"https:\/\/www.cairo2cape.com\/en\/wp-json\/wp\/v2\/product"}],"about":[{"href":"https:\/\/www.cairo2cape.com\/en\/wp-json\/wp\/v2\/types\/product"}],"replies":[{"embeddable":true,"href":"https:\/\/www.cairo2cape.com\/en\/wp-json\/wp\/v2\/comments?post=1753"}],"wp:attachment":[{"href":"https:\/\/www.cairo2cape.com\/en\/wp-json\/wp\/v2\/media?parent=1753"}],"wp:term":[{"taxonomy":"product_cat","embeddable":true,"href":"https:\/\/www.cairo2cape.com\/en\/wp-json\/wp\/v2\/product_cat?post=1753"},{"taxonomy":"product_tag","embeddable":true,"href":"https:\/\/www.cairo2cape.com\/en\/wp-json\/wp\/v2\/product_tag?post=1753"}],"curies":[{"name":"wp","href":"https:\/\/api.w.org\/{rel}","templated":true}]}}