{"id":1765,"date":"2015-12-09T17:44:43","date_gmt":"2015-12-09T16:44:43","guid":{"rendered":"http:\/\/www.cairo2cape.com\/en\/produkt\/abschnitt-31\/"},"modified":"2015-12-09T17:44:43","modified_gmt":"2015-12-09T16:44:43","slug":"abschnitt-31","status":"publish","type":"product","link":"http:\/\/www.cairo2cape.com\/en\/produkt\/abschnitt-31\/","title":{"rendered":"Abschnitt 031 &#8211; 100km &#8211; \u00c4thiopien"},"content":{"rendered":"","protected":false},"excerpt":{"rendered":"<p>Unterst\u00fctzen Sie das &#8220;Charity-World-Record-Projekt&#8221; mit dem Kauf IHRER pers\u00f6nlichen Teilstrecke. Wenn Michael Strasser ihren Abschnitt mit dem Rad durchf\u00e4hrt, erhalten Sie eine Verst\u00e4ndigung per SMS (oder Email) von uns.<\/p>\n<p><a href=\"https:\/\/strassermichael.at\/cairo2cape_files\/route-overview.html\" target=\"_blank\">Alle Abschnitte im \u00dcberblick: Route<\/a><\/p>\n","protected":false},"featured_media":0,"comment_status":"closed","ping_status":"closed","template":"","meta":{"spay_email":""},"product_cat":[266],"product_tag":[],"acf":[],"_links":{"self":[{"href":"http:\/\/www.cairo2cape.com\/en\/wp-json\/wp\/v2\/product\/1765"}],"collection":[{"href":"http:\/\/www.cairo2cape.com\/en\/wp-json\/wp\/v2\/product"}],"about":[{"href":"http:\/\/www.cairo2cape.com\/en\/wp-json\/wp\/v2\/types\/product"}],"replies":[{"embeddable":true,"href":"http:\/\/www.cairo2cape.com\/en\/wp-json\/wp\/v2\/comments?post=1765"}],"wp:attachment":[{"href":"http:\/\/www.cairo2cape.com\/en\/wp-json\/wp\/v2\/media?parent=1765"}],"wp:term":[{"taxonomy":"product_cat","embeddable":true,"href":"http:\/\/www.cairo2cape.com\/en\/wp-json\/wp\/v2\/product_cat?post=1765"},{"taxonomy":"product_tag","embeddable":true,"href":"http:\/\/www.cairo2cape.com\/en\/wp-json\/wp\/v2\/product_tag?post=1765"}],"curies":[{"name":"wp","href":"https:\/\/api.w.org\/{rel}","templated":true}]}}